{"id":123,"date":"2020-11-07T15:21:02","date_gmt":"2020-11-07T20:21:02","guid":{"rendered":"https:\/\/demo.divi-pixel.com\/gardener\/?page_id=123"},"modified":"2023-11-20T10:00:14","modified_gmt":"2023-11-20T15:00:14","slug":"nosotros","status":"publish","type":"page","link":"https:\/\/discoveryasuni.com\/en\/nosotros\/","title":{"rendered":"Nosotros"},"content":{"rendered":"<p>[et_pb_section fb_built=\u00bb1&#8243; fullwidth=\u00bbon\u00bb _builder_version=\u00bb4.23.1&#8243; _module_preset=\u00bbdefault\u00bb animation_style=\u00bbslide\u00bb animation_direction=\u00bbtop\u00bb hover_enabled=\u00bb0&#8243; global_colors_info=\u00bb{}\u00bb sticky_enabled=\u00bb0&#8243;][et_pb_fullwidth_header title=\u00bb@ET-DC@eyJkeW5hbWljIjp0cnVlLCJjb250ZW50IjoicG9zdF90aXRsZSIsInNldHRpbmdzIjp7ImJlZm9yZSI6IiIsImFmdGVyIjoiIn19@\u00bb subhead=\u00bbExplora el Yasun\u00ed con Wareka Expeditions, donde cultura ancestral y naturaleza se fusionan en cada aventura.s\u00bb text_orientation=\u00bbcenter\u00bb header_scroll_down=\u00bbon\u00bb scroll_down_icon=\u00bb%%0%%\u00bb scroll_down_icon_size=\u00bb40px\u00bb _builder_version=\u00bb4.23.1&#8243; _dynamic_attributes=\u00bbtitle\u00bb _module_preset=\u00bbdefault\u00bb title_font_size=\u00bb3.2vw\u00bb content_font=\u00bb|300|||||||\u00bb content_font_size=\u00bb24px\u00bb subhead_font=\u00bb|300|||||||\u00bb subhead_font_size=\u00bb1.3vw\u00bb background_enable_color=\u00bboff\u00bb background_image=\u00bbhttps:\/\/discoveryasuni.com\/wp-content\/uploads\/2023\/11\/header_wareka-min.jpg\u00bb parallax=\u00bbon\u00bb custom_padding=\u00bb160px||165px||false|false\u00bb scroll_vertical_motion_enable=\u00bbon\u00bb scroll_vertical_motion=\u00bb0|96|96|100|0|0|-1&#8243; hover_enabled=\u00bb0&#8243; title_font_size_tablet=\u00bb60px\u00bb title_font_size_phone=\u00bb50px\u00bb title_font_size_last_edited=\u00bbon|desktop\u00bb content_font_size_tablet=\u00bb\u00bb content_font_size_phone=\u00bb24px\u00bb content_font_size_last_edited=\u00bbon|phone\u00bb subhead_font_size_tablet=\u00bb22px\u00bb subhead_font_size_phone=\u00bb20px\u00bb subhead_font_size_last_edited=\u00bbon|tablet\u00bb global_colors_info=\u00bb{}\u00bb sticky_enabled=\u00bb0&#8243; title_text=\u00bbheader_wareka-min\u00bb][\/et_pb_fullwidth_header][\/et_pb_section][et_pb_section fb_built=\u00bb1&#8243; _builder_version=\u00bb4.16&#8243; _module_preset=\u00bbdefault\u00bb global_colors_info=\u00bb{}\u00bb custom_padding=\u00bb32px|||||\u00bb][et_pb_row column_structure=\u00bb1_2,1_2&#8243; use_custom_gutter=\u00bbon\u00bb gutter_width=\u00bb2&#8243; _builder_version=\u00bb4.16&#8243; _module_preset=\u00bbdefault\u00bb global_colors_info=\u00bb{}\u00bb][et_pb_column type=\u00bb1_2&#8243; _builder_version=\u00bb4.16&#8243; _module_preset=\u00bbdefault\u00bb global_colors_info=\u00bb{}\u00bb][et_pb_text _builder_version=\u00bb4.23.1&#8243; _module_preset=\u00bbdefault\u00bb text_font=\u00bb|700|||||||\u00bb text_text_color=\u00bb#124a2f\u00bb text_font_size=\u00bb43px\u00bb text_line_height=\u00bb1.1em\u00bb hover_enabled=\u00bb0&#8243; text_font_size_tablet=\u00bb\u00bb text_font_size_phone=\u00bb29px\u00bb text_font_size_last_edited=\u00bbon|phone\u00bb global_colors_info=\u00bb{}\u00bb sticky_enabled=\u00bb0&#8243;]<\/p>\n<p>\u00bfQui\u00e9nes somos?<\/p>\n<p>[\/et_pb_text][et_pb_text _builder_version=\u00bb4.23.1&#8243; _module_preset=\u00bbdefault\u00bb text_font=\u00bb|300|||||||\u00bb text_text_color=\u00bbrgba(78,78,78,0.7)\u00bb text_font_size=\u00bb18px\u00bb max_width=\u00bb800px\u00bb module_alignment=\u00bbcenter\u00bb hover_enabled=\u00bb0&#8243; global_colors_info=\u00bb{}\u00bb sticky_enabled=\u00bb0&#8243;]<\/p>\n<p><span>Bienvenidos a DISCOVERYASUNI.COM, la web oficial de Wareka Expeditions, donde cada viaje al Parque Nacional Yasun\u00ed se convierte en una aventura extraordinaria. Somos la br\u00fajula que gu\u00eda a los aventureros en su exploraci\u00f3n de uno de los ecosistemas m\u00e1s ricos del planeta. En Wareka Expeditions, nos enorgullecemos de ser un equipo dedicado y apasionado por la naturaleza y la cultura amaz\u00f3nica. Nuestros gu\u00edas, nativos de la zona, son custodios del conocimiento ancestral y facilitadores de una experiencia aut\u00e9ntica en el coraz\u00f3n del Yasun\u00ed.<\/span><\/p>\n<p>[\/et_pb_text][\/et_pb_column][et_pb_column type=\u00bb1_2&#8243; _builder_version=\u00bb4.16&#8243; _module_preset=\u00bbdefault\u00bb global_colors_info=\u00bb{}\u00bb][et_pb_image src=\u00bbhttps:\/\/discoveryasuni.com\/wp-content\/uploads\/2023\/11\/wareka_laptop.jpg\u00bb _builder_version=\u00bb4.23.1&#8243; _module_preset=\u00bbdefault\u00bb title_text=\u00bbwareka_laptop\u00bb width=\u00bb81%\u00bb align=\u00bbcenter\u00bb hover_enabled=\u00bb0&#8243; sticky_enabled=\u00bb0&#8243;][\/et_pb_image][\/et_pb_column][\/et_pb_row][\/et_pb_section][et_pb_section fb_built=\u00bb1&#8243; _builder_version=\u00bb4.16&#8243; _module_preset=\u00bbdefault\u00bb background_color=\u00bb#f3f6f4&#8243; background_image=\u00bbhttps:\/\/discoveryasuni.com\/wp-content\/uploads\/2020\/11\/gardener-shape-02.jpg\u00bb background_size=\u00bbcontain\u00bb background_position=\u00bbbottom_right\u00bb width=\u00bb1600px\u00bb max_width=\u00bb90%\u00bb module_alignment=\u00bbcenter\u00bb custom_margin=\u00bb||||false|false\u00bb custom_padding=\u00bb||||false|false\u00bb border_radii=\u00bbon|10px|10px|10px|10px\u00bb global_colors_info=\u00bb{}\u00bb][et_pb_row _builder_version=\u00bb4.16&#8243; _module_preset=\u00bbdefault\u00bb global_colors_info=\u00bb{}\u00bb][et_pb_column type=\u00bb4_4&#8243; _builder_version=\u00bb4.16&#8243; _module_preset=\u00bbdefault\u00bb global_colors_info=\u00bb{}\u00bb][et_pb_text _builder_version=\u00bb4.23.1&#8243; _module_preset=\u00bbdefault\u00bb header_2_text_color=\u00bb#124a2f\u00bb header_2_font_size=\u00bb42px\u00bb text_orientation=\u00bbcenter\u00bb custom_margin=\u00bb||0px|||\u00bb hover_enabled=\u00bb0&#8243; header_2_font_size_tablet=\u00bb30px\u00bb header_2_font_size_phone=\u00bb28px\u00bb header_2_font_size_last_edited=\u00bbon|phone\u00bb global_colors_info=\u00bb{}\u00bb sticky_enabled=\u00bb0&#8243;]<\/p>\n<h2>Misi\u00f3n y visi\u00f3n<\/h2>\n<p>[\/et_pb_text][et_pb_divider color=\u00bb#2ab939&#8243; divider_style=\u00bbdotted\u00bb divider_weight=\u00bb8px\u00bb _builder_version=\u00bb4.16&#8243; _module_preset=\u00bbdefault\u00bb width=\u00bb36px\u00bb module_alignment=\u00bbcenter\u00bb custom_margin=\u00bb||0px||false|false\u00bb global_colors_info=\u00bb{}\u00bb][\/et_pb_divider][et_pb_text _builder_version=\u00bb4.23.1&#8243; _module_preset=\u00bbdefault\u00bb text_font=\u00bb|300|||||||\u00bb text_text_color=\u00bbrgba(78,78,78,0.7)\u00bb text_font_size=\u00bb18px\u00bb max_width=\u00bb800px\u00bb module_alignment=\u00bbcenter\u00bb hover_enabled=\u00bb0&#8243; global_colors_info=\u00bb{}\u00bb sticky_enabled=\u00bb0&#8243;]<\/p>\n<p><strong>Misi\u00f3n<\/strong><br \/>Nuestra misi\u00f3n es brindar viajes transformadores que no solo revelen la belleza y biodiversidad del Yasun\u00ed, sino que tambi\u00e9n promuevan el entendimiento y la conservaci\u00f3n de este tesoro natural. Estamos comprometidos a ofrecer experiencias que respeten y celebren la cultura local y el medio ambiente.<\/p>\n<p><strong>Visi\u00f3n<\/strong><br \/>Aspiramos a ser reconocidos como una referencia en turismo responsable y sostenible en la Amazon\u00eda. Nuestra visi\u00f3n es crear experiencias que dejen una huella positiva tanto en nuestros visitantes como en el ecosistema y las comunidades del Yasun\u00ed.<\/p>\n<p>[\/et_pb_text][\/et_pb_column][\/et_pb_row][\/et_pb_section][et_pb_section fb_built=\u00bb1&#8243; _builder_version=\u00bb4.16&#8243; _module_preset=\u00bbdefault\u00bb global_colors_info=\u00bb{}\u00bb][et_pb_row column_structure=\u00bb1_2,1_2&#8243; make_equal=\u00bbon\u00bb _builder_version=\u00bb4.16&#8243; _module_preset=\u00bbdefault\u00bb global_colors_info=\u00bb{}\u00bb][et_pb_column type=\u00bb1_2&#8243; module_class=\u00bbdp-vertical-align\u00bb _builder_version=\u00bb4.16&#8243; _module_preset=\u00bbdefault\u00bb global_colors_info=\u00bb{}\u00bb][et_pb_text _builder_version=\u00bb4.23.1&#8243; _module_preset=\u00bbdefault\u00bb header_2_text_color=\u00bb#124a2f\u00bb header_2_font_size=\u00bb42px\u00bb custom_margin=\u00bb||0px|||\u00bb hover_enabled=\u00bb0&#8243; text_font_size_tablet=\u00bb\u00bb text_font_size_phone=\u00bb18px\u00bb text_font_size_last_edited=\u00bbon|phone\u00bb header_2_font_size_tablet=\u00bb30px\u00bb header_2_font_size_phone=\u00bb32px\u00bb header_2_font_size_last_edited=\u00bbon|phone\u00bb global_colors_info=\u00bb{}\u00bb sticky_enabled=\u00bb0&#8243;]<\/p>\n<h2>Valores<\/h2>\n<p>[\/et_pb_text][et_pb_divider color=\u00bb#2ab939&#8243; divider_style=\u00bbdotted\u00bb divider_weight=\u00bb8px\u00bb _builder_version=\u00bb4.16&#8243; _module_preset=\u00bbdefault\u00bb width=\u00bb36px\u00bb module_alignment=\u00bbleft\u00bb custom_margin=\u00bb||0px||false|false\u00bb global_colors_info=\u00bb{}\u00bb][\/et_pb_divider][et_pb_text _builder_version=\u00bb4.23.1&#8243; _module_preset=\u00bbdefault\u00bb text_font=\u00bb|300|||||||\u00bb text_text_color=\u00bbrgba(78,78,78,0.7)\u00bb text_font_size=\u00bb18px\u00bb max_width=\u00bb800px\u00bb module_alignment=\u00bbcenter\u00bb hover_enabled=\u00bb0&#8243; global_colors_info=\u00bb{}\u00bb sticky_enabled=\u00bb0&#8243;]<\/p>\n<p><span>Nuestros valores reflejan nuestro compromiso con la sostenibilidad, la autenticidad y la conexi\u00f3n profunda con la cultura y naturaleza del Yasun\u00ed<\/span><\/p>\n<p>[\/et_pb_text][et_pb_blurb title=\u00bbConexi\u00f3n con la Comunidad:\u00bb use_icon=\u00bbon\u00bb font_icon=\u00bb&#x52;||divi||400&#8243; icon_color=\u00bb#2ab939&#8243; icon_placement=\u00bbleft\u00bb image_icon_width=\u00bb45px\u00bb content_max_width=\u00bb1100px\u00bb _builder_version=\u00bb4.23.1&#8243; _module_preset=\u00bbdefault\u00bb header_text_color=\u00bb#124a2f\u00bb header_font_size=\u00bb22px\u00bb body_font=\u00bb|300|||||||\u00bb body_text_color=\u00bbrgba(78,78,78,0.7)\u00bb body_line_height=\u00bb1.6em\u00bb hover_enabled=\u00bb0&#8243; custom_css_blurb_title=\u00bbmargin-top: 12px;\u00bb icon_font_size=\u00bb45px\u00bb global_colors_info=\u00bb{}\u00bb sticky_enabled=\u00bb0&#8243;]<\/p>\n<p>Valoramos y promovemos la cultura local a trav\u00e9s de gu\u00edas nativos, expertos en la selva y su legado.<\/p>\n<p>[\/et_pb_blurb][et_pb_blurb title=\u00bbSostenibilidad y Conservaci\u00f3n:\u00bb use_icon=\u00bbon\u00bb font_icon=\u00bb&#x52;||divi||400&#8243; icon_color=\u00bb#2ab939&#8243; icon_placement=\u00bbleft\u00bb image_icon_width=\u00bb45px\u00bb content_max_width=\u00bb1100px\u00bb _builder_version=\u00bb4.23.1&#8243; _module_preset=\u00bbdefault\u00bb header_text_color=\u00bb#124a2f\u00bb header_font_size=\u00bb22px\u00bb body_font=\u00bb|300|||||||\u00bb body_text_color=\u00bbrgba(78,78,78,0.7)\u00bb body_line_height=\u00bb1.6em\u00bb hover_enabled=\u00bb0&#8243; custom_css_blurb_title=\u00bbmargin-top: 12px;\u00bb icon_font_size=\u00bb45px\u00bb global_colors_info=\u00bb{}\u00bb sticky_enabled=\u00bb0&#8243;]<\/p>\n<p>Cada expedici\u00f3n es un compromiso con la protecci\u00f3n del Yasun\u00ed y su biodiversidad.<\/p>\n<p>[\/et_pb_blurb][et_pb_blurb title=\u00bbExperiencias Aut\u00e9nticas:\u00bb use_icon=\u00bbon\u00bb font_icon=\u00bb&#x52;||divi||400&#8243; icon_color=\u00bb#2ab939&#8243; icon_placement=\u00bbleft\u00bb image_icon_width=\u00bb45px\u00bb content_max_width=\u00bb1100px\u00bb _builder_version=\u00bb4.23.1&#8243; _module_preset=\u00bbdefault\u00bb header_text_color=\u00bb#124a2f\u00bb header_font_size=\u00bb22px\u00bb body_font=\u00bb|300|||||||\u00bb body_text_color=\u00bbrgba(78,78,78,0.7)\u00bb body_line_height=\u00bb1.6em\u00bb hover_enabled=\u00bb0&#8243; custom_css_blurb_title=\u00bbmargin-top: 12px;\u00bb icon_font_size=\u00bb45px\u00bb global_colors_info=\u00bb{}\u00bb sticky_enabled=\u00bb0&#8243;]<\/p>\n<p>Creemos en viajes genuinos, enraizados en la riqueza cultural y natural de la Amazon\u00eda.<\/p>\n<p>[\/et_pb_blurb][\/et_pb_column][et_pb_column type=\u00bb1_2&#8243; module_class=\u00bbdp-vertical-align\u00bb _builder_version=\u00bb4.16&#8243; _module_preset=\u00bbdefault\u00bb global_colors_info=\u00bb{}\u00bb][et_pb_image src=\u00bbhttps:\/\/discoveryasuni.com\/wp-content\/uploads\/2023\/11\/wareka_valores.jpg\u00bb title_text=\u00bbwareka_valores\u00bb force_fullwidth=\u00bbon\u00bb _builder_version=\u00bb4.23.1&#8243; _module_preset=\u00bbdefault\u00bb hover_enabled=\u00bb0&#8243; global_colors_info=\u00bb{}\u00bb sticky_enabled=\u00bb0&#8243;][\/et_pb_image][\/et_pb_column][\/et_pb_row][\/et_pb_section]<\/p>","protected":false},"excerpt":{"rendered":"<p>\u00bfQui\u00e9nes somos?Bienvenidos a DISCOVERYASUNI.COM, la web oficial de Wareka Expeditions, donde cada viaje al Parque Nacional Yasun\u00ed se convierte en una aventura extraordinaria. Somos la br\u00fajula que gu\u00eda a los aventureros en su exploraci\u00f3n de uno de los ecosistemas m\u00e1s ricos del planeta. En Wareka Expeditions, nos enorgullecemos de ser un equipo dedicado y apasionado [&hellip;]<\/p>","protected":false},"author":1,"featured_media":0,"parent":0,"menu_order":0,"comment_status":"closed","ping_status":"closed","template":"","meta":{"_et_pb_use_builder":"on","_et_pb_old_content":"","_et_gb_content_width":"","footnotes":"","_joinchat":[]},"dipi_cpt_category":[],"yoast_head":"<!-- This site is optimized with the Yoast SEO plugin v21.5 - https:\/\/yoast.com\/wordpress\/plugins\/seo\/ -->\n<title>Nosotros - Discover Yasuni<\/title>\n<meta name=\"robots\" content=\"index, follow, max-snippet:-1, max-image-preview:large, max-video-preview:-1\" \/>\n<link rel=\"canonical\" href=\"https:\/\/discoveryasuni.com\/en\/nosotros\/\" \/>\n<meta property=\"og:locale\" content=\"en_US\" \/>\n<meta property=\"og:type\" content=\"article\" \/>\n<meta property=\"og:title\" content=\"Nosotros - Discover Yasuni\" \/>\n<meta property=\"og:description\" content=\"\u00bfQui\u00e9nes somos?Bienvenidos a DISCOVERYASUNI.COM, la web oficial de Wareka Expeditions, donde cada viaje al Parque Nacional Yasun\u00ed se convierte en una aventura extraordinaria. Somos la br\u00fajula que gu\u00eda a los aventureros en su exploraci\u00f3n de uno de los ecosistemas m\u00e1s ricos del planeta. En Wareka Expeditions, nos enorgullecemos de ser un equipo dedicado y apasionado [&hellip;]\" \/>\n<meta property=\"og:url\" content=\"https:\/\/discoveryasuni.com\/en\/nosotros\/\" \/>\n<meta property=\"og:site_name\" content=\"Discover Yasuni\" \/>\n<meta property=\"article:modified_time\" content=\"2023-11-20T15:00:14+00:00\" \/>\n<meta name=\"twitter:card\" content=\"summary_large_image\" \/>\n<meta name=\"twitter:label1\" content=\"Est. reading time\" \/>\n\t<meta name=\"twitter:data1\" content=\"7 minutes\" \/>\n<script type=\"application\/ld+json\" class=\"yoast-schema-graph\">{\"@context\":\"https:\/\/schema.org\",\"@graph\":[{\"@type\":\"WebPage\",\"@id\":\"https:\/\/discoveryasuni.com\/nosotros\/\",\"url\":\"https:\/\/discoveryasuni.com\/nosotros\/\",\"name\":\"Nosotros - Discover Yasuni\",\"isPartOf\":{\"@id\":\"https:\/\/discoveryasuni.com\/#website\"},\"datePublished\":\"2020-11-07T20:21:02+00:00\",\"dateModified\":\"2023-11-20T15:00:14+00:00\",\"breadcrumb\":{\"@id\":\"https:\/\/discoveryasuni.com\/nosotros\/#breadcrumb\"},\"inLanguage\":\"en-US\",\"potentialAction\":[{\"@type\":\"ReadAction\",\"target\":[\"https:\/\/discoveryasuni.com\/nosotros\/\"]}]},{\"@type\":\"BreadcrumbList\",\"@id\":\"https:\/\/discoveryasuni.com\/nosotros\/#breadcrumb\",\"itemListElement\":[{\"@type\":\"ListItem\",\"position\":1,\"name\":\"Portada\",\"item\":\"https:\/\/discoveryasuni.com\/\"},{\"@type\":\"ListItem\",\"position\":2,\"name\":\"Nosotros\"}]},{\"@type\":\"WebSite\",\"@id\":\"https:\/\/discoveryasuni.com\/#website\",\"url\":\"https:\/\/discoveryasuni.com\/\",\"name\":\"Discover Yasuni\",\"description\":\"Wareka Expeditions\",\"publisher\":{\"@id\":\"https:\/\/discoveryasuni.com\/#organization\"},\"potentialAction\":[{\"@type\":\"SearchAction\",\"target\":{\"@type\":\"EntryPoint\",\"urlTemplate\":\"https:\/\/discoveryasuni.com\/?s={search_term_string}\"},\"query-input\":\"required name=search_term_string\"}],\"inLanguage\":\"en-US\"},{\"@type\":\"Organization\",\"@id\":\"https:\/\/discoveryasuni.com\/#organization\",\"name\":\"Wareka Expeditions\",\"url\":\"https:\/\/discoveryasuni.com\/\",\"logo\":{\"@type\":\"ImageObject\",\"inLanguage\":\"en-US\",\"@id\":\"https:\/\/discoveryasuni.com\/#\/schema\/logo\/image\/\",\"url\":\"https:\/\/discoveryasuni.com\/wp-content\/uploads\/2023\/11\/wareka_logo.png\",\"contentUrl\":\"https:\/\/discoveryasuni.com\/wp-content\/uploads\/2023\/11\/wareka_logo.png\",\"width\":200,\"height\":150,\"caption\":\"Wareka Expeditions\"},\"image\":{\"@id\":\"https:\/\/discoveryasuni.com\/#\/schema\/logo\/image\/\"}}]}<\/script>\n<!-- \/ Yoast SEO plugin. -->","yoast_head_json":{"title":"Nosotros - Discover Yasuni","robots":{"index":"index","follow":"follow","max-snippet":"max-snippet:-1","max-image-preview":"max-image-preview:large","max-video-preview":"max-video-preview:-1"},"canonical":"https:\/\/discoveryasuni.com\/en\/nosotros\/","og_locale":"en_US","og_type":"article","og_title":"Nosotros - Discover Yasuni","og_description":"\u00bfQui\u00e9nes somos?Bienvenidos a DISCOVERYASUNI.COM, la web oficial de Wareka Expeditions, donde cada viaje al Parque Nacional Yasun\u00ed se convierte en una aventura extraordinaria. Somos la br\u00fajula que gu\u00eda a los aventureros en su exploraci\u00f3n de uno de los ecosistemas m\u00e1s ricos del planeta. En Wareka Expeditions, nos enorgullecemos de ser un equipo dedicado y apasionado [&hellip;]","og_url":"https:\/\/discoveryasuni.com\/en\/nosotros\/","og_site_name":"Discover Yasuni","article_modified_time":"2023-11-20T15:00:14+00:00","twitter_card":"summary_large_image","twitter_misc":{"Est. reading time":"7 minutes"},"schema":{"@context":"https:\/\/schema.org","@graph":[{"@type":"WebPage","@id":"https:\/\/discoveryasuni.com\/nosotros\/","url":"https:\/\/discoveryasuni.com\/nosotros\/","name":"Nosotros - Discover Yasuni","isPartOf":{"@id":"https:\/\/discoveryasuni.com\/#website"},"datePublished":"2020-11-07T20:21:02+00:00","dateModified":"2023-11-20T15:00:14+00:00","breadcrumb":{"@id":"https:\/\/discoveryasuni.com\/nosotros\/#breadcrumb"},"inLanguage":"en-US","potentialAction":[{"@type":"ReadAction","target":["https:\/\/discoveryasuni.com\/nosotros\/"]}]},{"@type":"BreadcrumbList","@id":"https:\/\/discoveryasuni.com\/nosotros\/#breadcrumb","itemListElement":[{"@type":"ListItem","position":1,"name":"Portada","item":"https:\/\/discoveryasuni.com\/"},{"@type":"ListItem","position":2,"name":"Nosotros"}]},{"@type":"WebSite","@id":"https:\/\/discoveryasuni.com\/#website","url":"https:\/\/discoveryasuni.com\/","name":"Discover Yasuni","description":"Wareka Expeditions","publisher":{"@id":"https:\/\/discoveryasuni.com\/#organization"},"potentialAction":[{"@type":"SearchAction","target":{"@type":"EntryPoint","urlTemplate":"https:\/\/discoveryasuni.com\/?s={search_term_string}"},"query-input":"required name=search_term_string"}],"inLanguage":"en-US"},{"@type":"Organization","@id":"https:\/\/discoveryasuni.com\/#organization","name":"Wareka Expeditions","url":"https:\/\/discoveryasuni.com\/","logo":{"@type":"ImageObject","inLanguage":"en-US","@id":"https:\/\/discoveryasuni.com\/#\/schema\/logo\/image\/","url":"https:\/\/discoveryasuni.com\/wp-content\/uploads\/2023\/11\/wareka_logo.png","contentUrl":"https:\/\/discoveryasuni.com\/wp-content\/uploads\/2023\/11\/wareka_logo.png","width":200,"height":150,"caption":"Wareka Expeditions"},"image":{"@id":"https:\/\/discoveryasuni.com\/#\/schema\/logo\/image\/"}}]}},"_links":{"self":[{"href":"https:\/\/discoveryasuni.com\/en\/wp-json\/wp\/v2\/pages\/123"}],"collection":[{"href":"https:\/\/discoveryasuni.com\/en\/wp-json\/wp\/v2\/pages"}],"about":[{"href":"https:\/\/discoveryasuni.com\/en\/wp-json\/wp\/v2\/types\/page"}],"author":[{"embeddable":true,"href":"https:\/\/discoveryasuni.com\/en\/wp-json\/wp\/v2\/users\/1"}],"replies":[{"embeddable":true,"href":"https:\/\/discoveryasuni.com\/en\/wp-json\/wp\/v2\/comments?post=123"}],"version-history":[{"count":6,"href":"https:\/\/discoveryasuni.com\/en\/wp-json\/wp\/v2\/pages\/123\/revisions"}],"predecessor-version":[{"id":22990630,"href":"https:\/\/discoveryasuni.com\/en\/wp-json\/wp\/v2\/pages\/123\/revisions\/22990630"}],"wp:attachment":[{"href":"https:\/\/discoveryasuni.com\/en\/wp-json\/wp\/v2\/media?parent=123"}],"wp:term":[{"taxonomy":"dipi_cpt_category","embeddable":true,"href":"https:\/\/discoveryasuni.com\/en\/wp-json\/wp\/v2\/dipi_cpt_category?post=123"}],"curies":[{"name":"wp","href":"https:\/\/api.w.org\/{rel}","templated":true}]}}